{"id":2273,"date":"2025-03-12T02:48:21","date_gmt":"2025-03-12T02:48:21","guid":{"rendered":"https:\/\/www.bailipower.com\/?post_type=product&#038;p=2273"},"modified":"2025-03-13T01:25:39","modified_gmt":"2025-03-13T01:25:39","slug":"winding-machine","status":"publish","type":"product","link":"https:\/\/www.venamachinery.com\/es\/producto\/winding-machine\/","title":{"rendered":"Bobinadora RX-1T"},"content":{"rendered":"<p>1. Esta bobinadora es adecuada para bobinar diversas bobinas.<br \/>\n2. El dispositivo consta de un chasis principal, carriles gu\u00eda, contrapunto trasero y control el\u00e9ctrico.<\/p>\n<p>Las caracter\u00edsticas estructurales son las siguientes:<\/p>\n<p>1. El cuerpo principal de la m\u00e1quina bobinadora est\u00e1 soldado con placas de acero engrosadas, y su parte de transmisi\u00f3n mec\u00e1nica se encuentra dentro de la caja del cuerpo principal. La parte de control de transmisi\u00f3n est\u00e1 instalada en el lado de operaci\u00f3n de la caja del cuerpo principal. El equipo logra la transmisi\u00f3n principal a trav\u00e9s del engranaje helicoidal.<br \/>\n2. La m\u00e1quina de bobinado adopta un convertidor de frecuencia para la regulaci\u00f3n continua de la velocidad. El convertidor de frecuencia variable se utiliza para conseguir una regulaci\u00f3n continua de la velocidad, un arranque suave y un par constante. Ajuste el n\u00famero de vueltas mediante el contador y detenga autom\u00e1ticamente el veh\u00edculo.<br \/>\n3. La m\u00e1quina est\u00e1 equipada con un dispositivo de frenado autom\u00e1tico para evitar la marcha atr\u00e1s cuando se detiene el bobinado.<br \/>\n4. La m\u00e1quina puede preajustar el n\u00famero de vueltas de la bobina y controlar la rotaci\u00f3n hacia delante y hacia atr\u00e1s: el contador electr\u00f3nico reversible cuenta hacia delante y hacia atr\u00e1s, y tiene una funci\u00f3n de memoria de apagado.<br \/>\n5. La estaci\u00f3n de botones se controla de forma centralizada, y el arranque y la parada del husillo se controlan mediante el interruptor de pedal.<br \/>\nCaracter\u00edsticas estructurales del pay off rack: El pay off rack adopta el ajuste manual de la tensi\u00f3n de amortiguaci\u00f3n, que es f\u00e1cil y conveniente de operar.<\/p>\n<p style=\"text-align: center;\"><img alt=\"\" fetchpriority=\"high\" decoding=\"async\" class=\"alignnone size-full wp-image-2277\" src=\"https:\/\/www.bailipower.com\/wp-content\/uploads\/2025\/03\/Winding-machine2.jpg\" width=\"900\" height=\"1200\" srcset=\"https:\/\/www.venamachinery.com\/wp-content\/uploads\/2025\/03\/Winding-machine2.jpg 900w, https:\/\/www.venamachinery.com\/wp-content\/uploads\/2025\/03\/Winding-machine2-600x800.jpg 600w\" sizes=\"(max-width: 900px) 100vw, 900px\" \/><\/p>\n<p style=\"text-align: center;\">Par\u00e1metros t\u00e9cnicos<\/p>\n<table>\n<tbody>\n<tr>\n<td>Modelo<\/td>\n<td>par\u00e1metros<\/td>\n<\/tr>\n<tr>\n<td>Nombre del producto<\/td>\n<td>Bobinadora RX-1T<\/td>\n<\/tr>\n<tr>\n<td>Altura central<\/td>\n<td>850 mm<\/td>\n<\/tr>\n<tr>\n<td>Di\u00e1metro del disco<\/td>\n<td>\u0424200 mm<\/td>\n<\/tr>\n<tr>\n<td>Rango de ajuste del contrapunto<\/td>\n<td>500-1600 mm<\/td>\n<\/tr>\n<tr>\n<td>Par m\u00e1ximo<\/td>\n<td>800N.M<\/td>\n<\/tr>\n<tr>\n<td>Potencia del motor<\/td>\n<td>4KW<\/td>\n<\/tr>\n<tr>\n<td>Velocidad<\/td>\n<td>0~140r\/min(regulaci\u00f3n de velocidad infinita de frecuencia variable)<\/td>\n<\/tr>\n<tr>\n<td>Capacidad m\u00e1xima de pesaje<\/td>\n<td>1000KG<\/td>\n<\/tr>\n<tr>\n<td>Dimensiones exteriores<\/td>\n<td>2600x750x1300mm<\/td>\n<\/tr>\n<\/tbody>\n<\/table>\n<p>Accesorios individuales aleatorios: 1 interruptor de pedal doble, 1 pasador superior Morse 4 # y 1 eje cuadrado macizo de 40x40 mm.<\/p>\n<p style=\"text-align: center;\"><img alt=\"\" decoding=\"async\" class=\"size-full wp-image-2278 aligncenter\" src=\"https:\/\/www.bailipower.com\/wp-content\/uploads\/2025\/03\/Winding-machine3.jpg\" width=\"900\" height=\"1200\" srcset=\"https:\/\/www.venamachinery.com\/wp-content\/uploads\/2025\/03\/Winding-machine3.jpg 900w, https:\/\/www.venamachinery.com\/wp-content\/uploads\/2025\/03\/Winding-machine3-600x800.jpg 600w\" sizes=\"(max-width: 900px) 100vw, 900px\" \/><\/p>","protected":false},"excerpt":{"rendered":"<p>Las caracter\u00edsticas estructurales son las siguientes:<br \/>\n1. El cuerpo principal de la m\u00e1quina bobinadora est\u00e1 soldado con placas de acero engrosadas, y su parte de transmisi\u00f3n mec\u00e1nica se encuentra dentro de la caja del cuerpo principal. La parte de control de transmisi\u00f3n est\u00e1 instalada en el lado de operaci\u00f3n de la caja del cuerpo principal. El equipo logra la transmisi\u00f3n principal a trav\u00e9s del engranaje helicoidal.<br \/>\n2. La m\u00e1quina de bobinado adopta un convertidor de frecuencia para la regulaci\u00f3n continua de la velocidad. El convertidor de frecuencia variable se utiliza para conseguir una regulaci\u00f3n continua de la velocidad, un arranque suave y un par constante. Ajuste el n\u00famero de vueltas mediante el contador y detenga autom\u00e1ticamente el veh\u00edculo.<br \/>\n3. La m\u00e1quina est\u00e1 equipada con un dispositivo de frenado autom\u00e1tico para evitar la marcha atr\u00e1s cuando se detiene el bobinado.<br \/>\n4. La m\u00e1quina puede preajustar el n\u00famero de vueltas de la bobina y controlar la rotaci\u00f3n hacia delante y hacia atr\u00e1s: el contador electr\u00f3nico reversible cuenta hacia delante y hacia atr\u00e1s, y tiene una funci\u00f3n de memoria de apagado.<br \/>\n5. La estaci\u00f3n de botones se controla de forma centralizada, y el arranque y la parada del husillo se controlan mediante el interruptor de pedal.<br \/>\nCaracter\u00edsticas estructurales del pay off rack: El pay off rack adopta el ajuste manual de la tensi\u00f3n de amortiguaci\u00f3n, que es f\u00e1cil y conveniente de operar.<\/p>","protected":false},"featured_media":2276,"comment_status":"open","ping_status":"closed","template":"","meta":{"_seopress_robots_primary_cat":"none","_seopress_titles_title":"","_seopress_titles_desc":"","_seopress_robots_index":"","_surecart_dashboard_logo_width":"180px","_surecart_dashboard_show_logo":true,"_surecart_dashboard_navigation_orders":true,"_surecart_dashboard_navigation_invoices":true,"_surecart_dashboard_navigation_subscriptions":true,"_surecart_dashboard_navigation_downloads":true,"_surecart_dashboard_navigation_billing":true,"_surecart_dashboard_navigation_account":true,"_uag_custom_page_level_css":"","site-sidebar-layout":"default","site-content-layout":"","ast-site-content-layout":"default","site-content-style":"default","site-sidebar-style":"default","ast-global-header-display":"","ast-banner-title-visibility":"","ast-main-header-display":"","ast-hfb-above-header-display":"","ast-hfb-below-header-display":"","ast-hfb-mobile-header-display":"","site-post-title":"","ast-breadcrumbs-content":"","ast-featured-img":"","footer-sml-layout":"","theme-transparent-header-meta":"default","adv-header-id-meta":"","stick-header-meta":"default","header-above-stick-meta":"","header-main-stick-meta":"","header-below-stick-meta":"","astra-migrate-meta-layouts":"set","ast-page-background-enabled":"default","ast-page-background-meta":{"desktop":{"background-color":"var(--ast-global-color-4)","background-image":"","background-repeat":"repeat","background-position":"center center","background-size":"auto","background-attachment":"scroll","background-type":"","background-media":"","overlay-type":"","overlay-color":"","overlay-opacity":"","overlay-gradient":""},"tablet":{"background-color":"","background-image":"","background-repeat":"repeat","background-position":"center center","background-size":"auto","background-attachment":"scroll","background-type":"","background-media":"","overlay-type":"","overlay-color":"","overlay-opacity":"","overlay-gradient":""},"mobile":{"background-color":"","background-image":"","background-repeat":"repeat","background-position":"center center","background-size":"auto","background-attachment":"scroll","background-type":"","background-media":"","overlay-type":"","overlay-color":"","overlay-opacity":"","overlay-gradient":""}},"ast-content-background-meta":{"desktop":{"background-color":"var(--ast-global-color-5)","background-image":"","background-repeat":"repeat","background-position":"center center","background-size":"auto","background-attachment":"scroll","background-type":"","background-media":"","overlay-type":"","overlay-color":"","overlay-opacity":"","overlay-gradient":""},"tablet":{"background-color":"var(--ast-global-color-5)","background-image":"","background-repeat":"repeat","background-position":"center center","background-size":"auto","background-attachment":"scroll","background-type":"","background-media":"","overlay-type":"","overlay-color":"","overlay-opacity":"","overlay-gradient":""},"mobile":{"background-color":"var(--ast-global-color-5)","background-image":"","background-repeat":"repeat","background-position":"center center","background-size":"auto","background-attachment":"scroll","background-type":"","background-media":"","overlay-type":"","overlay-color":"","overlay-opacity":"","overlay-gradient":""}}},"product_brand":[],"product_cat":[23],"product_tag":[],"class_list":{"0":"post-2273","1":"product","2":"type-product","3":"status-publish","4":"has-post-thumbnail","6":"product_cat-winding","7":"desktop-align-center","8":"tablet-align-left","9":"mobile-align-left","10":"ast-product-gallery-layout-horizontal","11":"ast-product-tabs-layout-distributed","13":"first","14":"instock","15":"featured","16":"shipping-taxable","17":"product-type-simple"},"uagb_featured_image_src":{"full":["https:\/\/www.venamachinery.com\/wp-content\/uploads\/2025\/03\/Winding-machine1.jpg",900,1200,false],"thumbnail":["https:\/\/www.venamachinery.com\/wp-content\/uploads\/2025\/03\/Winding-machine1.jpg",113,150,false],"medium":["https:\/\/www.venamachinery.com\/wp-content\/uploads\/2025\/03\/Winding-machine1.jpg",225,300,false],"medium_large":["https:\/\/www.venamachinery.com\/wp-content\/uploads\/2025\/03\/Winding-machine1.jpg",768,1024,false],"large":["https:\/\/www.venamachinery.com\/wp-content\/uploads\/2025\/03\/Winding-machine1.jpg",768,1024,false],"1536x1536":["https:\/\/www.venamachinery.com\/wp-content\/uploads\/2025\/03\/Winding-machine1.jpg",900,1200,false],"2048x2048":["https:\/\/www.venamachinery.com\/wp-content\/uploads\/2025\/03\/Winding-machine1.jpg",900,1200,false],"trp-custom-language-flag":["https:\/\/www.venamachinery.com\/wp-content\/uploads\/2025\/03\/Winding-machine1.jpg",9,12,false],"woocommerce_thumbnail":["https:\/\/www.venamachinery.com\/wp-content\/uploads\/2025\/03\/Winding-machine1-600x800.jpg",600,800,true],"woocommerce_single":["https:\/\/www.venamachinery.com\/wp-content\/uploads\/2025\/03\/Winding-machine1-600x800.jpg",600,800,true],"woocommerce_gallery_thumbnail":["https:\/\/www.venamachinery.com\/wp-content\/uploads\/2025\/03\/Winding-machine1-100x100.jpg",100,100,true]},"uagb_author_info":{"display_name":"jinxing6611@gmail.com","author_link":"https:\/\/www.venamachinery.com\/es\/author\/"},"uagb_comment_info":0,"uagb_excerpt":"The structural characteristics are as follows: 1. The main body of the winding machine is welded with thickened steel plates, and its mechanical transmission part is located inside the main body box. The transmission control part is installed on the operating side of the main body box. The equipment achieves main transmission through worm gear.&hellip;","_links":{"self":[{"href":"https:\/\/www.venamachinery.com\/es\/wp-json\/wp\/v2\/product\/2273","targetHints":{"allow":["GET"]}}],"collection":[{"href":"https:\/\/www.venamachinery.com\/es\/wp-json\/wp\/v2\/product"}],"about":[{"href":"https:\/\/www.venamachinery.com\/es\/wp-json\/wp\/v2\/types\/product"}],"replies":[{"embeddable":true,"href":"https:\/\/www.venamachinery.com\/es\/wp-json\/wp\/v2\/comments?post=2273"}],"wp:featuredmedia":[{"embeddable":true,"href":"https:\/\/www.venamachinery.com\/es\/wp-json\/wp\/v2\/media\/2276"}],"wp:attachment":[{"href":"https:\/\/www.venamachinery.com\/es\/wp-json\/wp\/v2\/media?parent=2273"}],"wp:term":[{"taxonomy":"product_brand","embeddable":true,"href":"https:\/\/www.venamachinery.com\/es\/wp-json\/wp\/v2\/product_brand?post=2273"},{"taxonomy":"product_cat","embeddable":true,"href":"https:\/\/www.venamachinery.com\/es\/wp-json\/wp\/v2\/product_cat?post=2273"},{"taxonomy":"product_tag","embeddable":true,"href":"https:\/\/www.venamachinery.com\/es\/wp-json\/wp\/v2\/product_tag?post=2273"}],"curies":[{"name":"wp","href":"https:\/\/api.w.org\/{rel}","templated":true}]}}